{"id":25047,"date":"2022-02-02T11:11:17","date_gmt":"2022-02-02T14:11:17","guid":{"rendered":"https:\/\/loja.iprojectti.com.br\/?product=webex-dx80"},"modified":"2022-03-18T14:50:26","modified_gmt":"2022-03-18T17:50:26","slug":"webex-dx80","status":"publish","type":"product","link":"https:\/\/ciscostore.iprojectti.com.br\/?product=webex-dx80","title":{"rendered":"Webex DX80"},"content":{"rendered":"<p id=\"Productoverview\" class=\"pToC_Subhead1 ckeditor-css\" style=\"border: 0px; margin: 28px 0em 6px; padding: 0px; text-align: left; -webkit-text-stroke-width: 0px;\"><span style=\"font-size: 14px;\"><span style=\"font-style: normal;\"><span style=\"font-variant: normal;\"><span style=\"font-weight: 400;\"><span style=\"font-stretch: inherit;\"><span style=\"line-height: 1.7;\"><span style=\"font-family: CiscoSans, Arial, sans-serif;\"><span style=\"vertical-align: baseline;\"><span style=\"color: #525252;\"><span style=\"text-decoration: none;\"><span style=\"text-transform: none;\"><span style=\"overflow: visible;\"><span style=\"letter-spacing: normal;\"><span style=\"orphans: 2;\"><span style=\"white-space: normal;\"><span style=\"widows: 2;\"><span style=\"word-spacing: 0px;\"><span style=\"background-color: #ffffff;\"><span style=\"overflow: visible; font-family: CiscoSans, Arial, sans-serif; font-size: 14px; vertical-align: inherit;\"><span style=\"overflow: visible; font-family: CiscoSans, Arial, sans-serif; font-size: 14px; vertical-align: inherit;\">Descubra uma nova abordagem deliciosa de trabalho que \u00e9 simples de usar e oferece uma experi\u00eancia de colabora\u00e7\u00e3o sem compromissos.\u00a0Atualize seu desktop com uma experi\u00eancia de colabora\u00e7\u00e3o virtual t\u00e3o impressionante que voc\u00ea sentir\u00e1 como se voc\u00ea e outros participantes estivessem na mesma sala.\u00a0<\/span><span style=\"overflow: visible; font-family: CiscoSans, Arial, sans-serif; font-size: 14px; vertical-align: inherit;\">Diga adeus \u00e0 desordem da \u00e1rea de trabalho com um elegante Cisco\u00a0<\/span><\/span><span style=\"overflow: visible; font-family: CiscoSans, Arial, sans-serif; font-size: 14px; vertical-align: inherit;\"><span style=\"overflow: visible; font-family: CiscoSans, Arial, sans-serif; font-size: 14px; vertical-align: inherit;\">Webex DX80.\u00a0<\/span><span style=\"overflow: visible; font-family: CiscoSans, Arial, sans-serif; font-size: 14px; vertical-align: inherit;\">Diga ol\u00e1 \u00e0 colabora\u00e7\u00e3o de desktop tudo-em-um com v\u00eddeo de alta defini\u00e7\u00e3o (HD), recursos de comunica\u00e7\u00e3o unificada, uma tela para seu laptop e recursos expandidos.\u00a0<\/span><span style=\"overflow: visible; font-family: CiscoSans, Arial, sans-serif; font-size: 14px; vertical-align: inherit;\">O Webex DX80 oferece:<\/span><\/span><\/span><\/span><\/span><\/span><\/span><\/span><\/span><\/span><\/span><\/span><\/span><\/span><\/span><\/span><\/span><\/span><\/span><\/span><\/p>\n<p class=\"pBulletCMT ckeditor-css\" style=\"border: 0px; margin: 0pt 0pt 3pt 25px; padding: 0px 0px 0px 44px; text-align: left; -webkit-text-stroke-width: 0px;\"><span style=\"font-size: 14px;\"><span style=\"font-style: normal;\"><span style=\"font-variant: normal;\"><span style=\"font-weight: normal;\"><span style=\"font-stretch: inherit;\"><span style=\"line-height: 1.7;\"><span style=\"font-family: CiscoSans, Arial, sans-serif;\"><span style=\"vertical-align: baseline;\"><span style=\"color: #525252;\"><span style=\"overflow: visible;\"><span style=\"text-decoration: none;\"><span style=\"text-transform: none;\"><span style=\"letter-spacing: normal;\"><span style=\"orphans: 2;\"><span style=\"white-space: normal;\"><span style=\"widows: 2;\"><span style=\"word-spacing: 0px;\"><span style=\"background-color: #ffffff;\"><span style=\"border: 0px; font-size: 7pt; margin: 0px; padding: 0px;\"><span style=\"font-style: inherit;\"><span style=\"font-variant: inherit;\"><span style=\"font-weight: inherit;\"><span style=\"font-stretch: inherit;\"><span style=\"line-height: inherit;\"><span style=\"font-family: Arial, 'sans-serif';\"><span style=\"vertical-align: baseline;\"><span style=\"overflow: visible;\"><span style=\"position: relative;\"><span style=\"top: -0.5pt;\"><span style=\"overflow: visible; font-family: CiscoSans, Arial, sans-serif; font-size: 14px; vertical-align: inherit;\"><span style=\"overflow: visible; font-family: CiscoSans, Arial, sans-serif; font-size: 14px; vertical-align: inherit;\">\u25cf<\/span><\/span>\u00a0\u00a0\u00a0\u00a0\u00a0<\/span><\/span><\/span><\/span><\/span><\/span><\/span><\/span><\/span><\/span><\/span><span style=\"overflow: visible; font-family: CiscoSans, Arial, sans-serif; font-size: 14px; vertical-align: inherit;\"><span style=\"overflow: visible; font-family: CiscoSans, Arial, sans-serif; font-size: 14px; vertical-align: inherit;\">Um sistema de comunica\u00e7\u00e3o de v\u00eddeo HD dedicado e sempre ativo<\/span><\/span><\/span><\/span><\/span><\/span><\/span><\/span><\/span><\/span><\/span><\/span><\/span><\/span><\/span><\/span><\/span><\/span><\/span><\/span><\/p>\n<p class=\"pBulletCMT ckeditor-css\" style=\"border: 0px; margin: 0pt 0pt 3pt 25px; padding: 0px 0px 0px 44px; text-align: left; -webkit-text-stroke-width: 0px;\"><span style=\"font-size: 14px;\"><span style=\"font-style: normal;\"><span style=\"font-variant: normal;\"><span style=\"font-weight: normal;\"><span style=\"font-stretch: inherit;\"><span style=\"line-height: 1.7;\"><span style=\"font-family: CiscoSans, Arial, sans-serif;\"><span style=\"vertical-align: baseline;\"><span style=\"color: #525252;\"><span style=\"overflow: visible;\"><span style=\"text-decoration: none;\"><span style=\"text-transform: none;\"><span style=\"letter-spacing: normal;\"><span style=\"orphans: 2;\"><span style=\"white-space: normal;\"><span style=\"widows: 2;\"><span style=\"word-spacing: 0px;\"><span style=\"background-color: #ffffff;\"><span style=\"border: 0px; font-size: 7pt; margin: 0px; padding: 0px;\"><span style=\"font-style: inherit;\"><span style=\"font-variant: inherit;\"><span style=\"font-weight: inherit;\"><span style=\"font-stretch: inherit;\"><span style=\"line-height: inherit;\"><span style=\"font-family: Arial, 'sans-serif';\"><span style=\"vertical-align: baseline;\"><span style=\"overflow: visible;\"><span style=\"position: relative;\"><span style=\"top: -0.5pt;\"><span style=\"overflow: visible; font-family: CiscoSans, Arial, sans-serif; font-size: 14px; vertical-align: inherit;\"><span style=\"overflow: visible; font-family: CiscoSans, Arial, sans-serif; font-size: 14px; vertical-align: inherit;\">\u25cf<\/span><\/span>\u00a0\u00a0\u00a0\u00a0\u00a0<\/span><\/span><\/span><\/span><\/span><\/span><\/span><\/span><\/span><\/span><\/span><span style=\"overflow: visible; font-family: CiscoSans, Arial, sans-serif; font-size: 14px; vertical-align: inherit;\"><span style=\"overflow: visible; font-family: CiscoSans, Arial, sans-serif; font-size: 14px; vertical-align: inherit;\">Um telefone IP que fornece recursos essenciais para profissionais do conhecimento<\/span><\/span><\/span><\/span><\/span><\/span><\/span><\/span><\/span><\/span><\/span><\/span><\/span><\/span><\/span><\/span><\/span><\/span><\/span><\/span><\/p>\n<p class=\"pBulletCMT ckeditor-css\" style=\"border: 0px; margin: 0pt 0pt 3pt 25px; padding: 0px 0px 0px 44px; text-align: left; -webkit-text-stroke-width: 0px;\"><span style=\"font-size: 14px;\"><span style=\"font-style: normal;\"><span style=\"font-variant: normal;\"><span style=\"font-weight: normal;\"><span style=\"font-stretch: inherit;\"><span style=\"line-height: 1.7;\"><span style=\"font-family: CiscoSans, Arial, sans-serif;\"><span style=\"vertical-align: baseline;\"><span style=\"color: #525252;\"><span style=\"overflow: visible;\"><span style=\"text-decoration: none;\"><span style=\"text-transform: none;\"><span style=\"letter-spacing: normal;\"><span style=\"orphans: 2;\"><span style=\"white-space: normal;\"><span style=\"widows: 2;\"><span style=\"word-spacing: 0px;\"><span style=\"background-color: #ffffff;\"><span style=\"border: 0px; font-size: 7pt; margin: 0px; padding: 0px;\"><span style=\"font-style: inherit;\"><span style=\"font-variant: inherit;\"><span style=\"font-weight: inherit;\"><span style=\"font-stretch: inherit;\"><span style=\"line-height: inherit;\"><span style=\"font-family: Arial, 'sans-serif';\"><span style=\"vertical-align: baseline;\"><span style=\"overflow: visible;\"><span style=\"position: relative;\"><span style=\"top: -0.5pt;\"><span style=\"overflow: visible; font-family: CiscoSans, Arial, sans-serif; font-size: 14px; vertical-align: inherit;\"><span style=\"overflow: visible; font-family: CiscoSans, Arial, sans-serif; font-size: 14px; vertical-align: inherit;\">\u25cf<\/span><\/span>\u00a0\u00a0\u00a0\u00a0\u00a0<\/span><\/span><\/span><\/span><\/span><\/span><\/span><\/span><\/span><\/span><\/span><span style=\"overflow: visible; font-family: CiscoSans, Arial, sans-serif; font-size: 14px; vertical-align: inherit;\"><span style=\"overflow: visible; font-family: CiscoSans, Arial, sans-serif; font-size: 14px; vertical-align: inherit;\">Um sistema de \u00e1udio de alta qualidade para viva-voz<\/span><\/span><\/span><\/span><\/span><\/span><\/span><\/span><\/span><\/span><\/span><\/span><\/span><\/span><\/span><\/span><\/span><\/span><\/span><\/span><\/p>\n<p class=\"pBulletCMT ckeditor-css\" style=\"border: 0px; margin: 0pt 0pt 3pt 25px; padding: 0px 0px 0px 44px; text-align: left; -webkit-text-stroke-width: 0px;\"><span style=\"font-size: 14px;\"><span style=\"font-style: normal;\"><span style=\"font-variant: normal;\"><span style=\"font-weight: normal;\"><span style=\"font-stretch: inherit;\"><span style=\"line-height: 1.7;\"><span style=\"font-family: CiscoSans, Arial, sans-serif;\"><span style=\"vertical-align: baseline;\"><span style=\"color: #525252;\"><span style=\"overflow: visible;\"><span style=\"text-decoration: none;\"><span style=\"text-transform: none;\"><span style=\"letter-spacing: normal;\"><span style=\"orphans: 2;\"><span style=\"white-space: normal;\"><span style=\"widows: 2;\"><span style=\"word-spacing: 0px;\"><span style=\"background-color: #ffffff;\"><span style=\"border: 0px; font-size: 7pt; margin: 0px; padding: 0px;\"><span style=\"font-style: inherit;\"><span style=\"font-variant: inherit;\"><span style=\"font-weight: inherit;\"><span style=\"font-stretch: inherit;\"><span style=\"line-height: inherit;\"><span style=\"font-family: Arial, 'sans-serif';\"><span style=\"vertical-align: baseline;\"><span style=\"overflow: visible;\"><span style=\"position: relative;\"><span style=\"top: -0.5pt;\"><span style=\"overflow: visible; font-family: CiscoSans, Arial, sans-serif; font-size: 14px; vertical-align: inherit;\"><span style=\"overflow: visible; font-family: CiscoSans, Arial, sans-serif; font-size: 14px; vertical-align: inherit;\">\u25cf<\/span><\/span>\u00a0\u00a0\u00a0\u00a0\u00a0<\/span><\/span><\/span><\/span><\/span><\/span><\/span><\/span><\/span><\/span><\/span><span style=\"overflow: visible; font-family: CiscoSans, Arial, sans-serif; font-size: 14px; vertical-align: inherit;\"><span style=\"overflow: visible; font-family: CiscoSans, Arial, sans-serif; font-size: 14px; vertical-align: inherit;\">Uma tela 16: 9 de 23 polegadas que oferece uma experi\u00eancia envolvente para videochamadas<\/span><\/span><\/span><\/span><\/span><\/span><\/span><\/span><\/span><\/span><\/span><\/span><\/span><\/span><\/span><\/span><\/span><\/span><\/span><\/span><\/p>\n<p class=\"pBulletCMT ckeditor-css\" style=\"border: 0px; margin: 0pt 0pt 3pt 25px; padding: 0px 0px 0px 44px; text-align: left; -webkit-text-stroke-width: 0px;\"><span style=\"font-size: 14px;\"><span style=\"font-style: normal;\"><span style=\"font-variant: normal;\"><span style=\"font-weight: normal;\"><span style=\"font-stretch: inherit;\"><span style=\"line-height: 1.7;\"><span style=\"font-family: CiscoSans, Arial, sans-serif;\"><span style=\"vertical-align: baseline;\"><span style=\"color: #525252;\"><span style=\"overflow: visible;\"><span style=\"text-decoration: none;\"><span style=\"text-transform: none;\"><span style=\"letter-spacing: normal;\"><span style=\"orphans: 2;\"><span style=\"white-space: normal;\"><span style=\"widows: 2;\"><span style=\"word-spacing: 0px;\"><span style=\"background-color: #ffffff;\"><span style=\"border: 0px; font-size: 7pt; margin: 0px; padding: 0px;\"><span style=\"font-style: inherit;\"><span style=\"font-variant: inherit;\"><span style=\"font-weight: inherit;\"><span style=\"font-stretch: inherit;\"><span style=\"line-height: inherit;\"><span style=\"font-family: Arial, 'sans-serif';\"><span style=\"vertical-align: baseline;\"><span style=\"overflow: visible;\"><span style=\"position: relative;\"><span style=\"top: -0.5pt;\"><span style=\"overflow: visible; font-family: CiscoSans, Arial, sans-serif; font-size: 14px; vertical-align: inherit;\"><span style=\"overflow: visible; font-family: CiscoSans, Arial, sans-serif; font-size: 14px; vertical-align: inherit;\">\u25cf<\/span><\/span>\u00a0\u00a0\u00a0\u00a0\u00a0<\/span><\/span><\/span><\/span><\/span><\/span><\/span><\/span><\/span><\/span><\/span><span style=\"overflow: visible; font-family: CiscoSans, Arial, sans-serif; font-size: 14px; vertical-align: inherit;\"><span style=\"overflow: visible; font-family: CiscoSans, Arial, sans-serif; font-size: 14px; vertical-align: inherit;\">Uma tela de toque capacitiva multitoque que fornece uma interface de usu\u00e1rio elegante e poderosa<\/span><\/span><\/span><\/span><\/span><\/span><\/span><\/span><\/span><\/span><\/span><\/span><\/span><\/span><\/span><\/span><\/span><\/span><\/span><\/span><\/p>\n<p class=\"pBulletCMT ckeditor-css\" style=\"border: 0px; margin: 0pt 0pt 3pt 25px; padding: 0px 0px 0px 44px; text-align: left; -webkit-text-stroke-width: 0px;\"><span style=\"font-size: 14px;\"><span style=\"font-style: normal;\"><span style=\"font-variant: normal;\"><span style=\"font-weight: normal;\"><span style=\"font-stretch: inherit;\"><span style=\"line-height: 1.7;\"><span style=\"font-family: CiscoSans, Arial, sans-serif;\"><span style=\"vertical-align: baseline;\"><span style=\"color: #525252;\"><span style=\"overflow: visible;\"><span style=\"text-decoration: none;\"><span style=\"text-transform: none;\"><span style=\"letter-spacing: normal;\"><span style=\"orphans: 2;\"><span style=\"white-space: normal;\"><span style=\"widows: 2;\"><span style=\"word-spacing: 0px;\"><span style=\"background-color: #ffffff;\"><span style=\"border: 0px; font-size: 7pt; margin: 0px; padding: 0px;\"><span style=\"font-style: inherit;\"><span style=\"font-variant: inherit;\"><span style=\"font-weight: inherit;\"><span style=\"font-stretch: inherit;\"><span style=\"line-height: inherit;\"><span style=\"font-family: Arial, 'sans-serif';\"><span style=\"vertical-align: baseline;\"><span style=\"overflow: visible;\"><span style=\"position: relative;\"><span style=\"top: -0.5pt;\"><span style=\"overflow: visible; font-family: CiscoSans, Arial, sans-serif; font-size: 14px; vertical-align: inherit;\"><span style=\"overflow: visible; font-family: CiscoSans, Arial, sans-serif; font-size: 14px; vertical-align: inherit;\">\u25cf<\/span><\/span>\u00a0\u00a0\u00a0\u00a0\u00a0<\/span><\/span><\/span><\/span><\/span><\/span><\/span><\/span><\/span><\/span><\/span><span style=\"overflow: visible; font-family: CiscoSans, Arial, sans-serif; font-size: 14px; vertical-align: inherit;\"><span style=\"overflow: visible; font-family: CiscoSans, Arial, sans-serif; font-size: 14px; vertical-align: inherit;\">Um dispositivo de autoprovisionamento simples para os usu\u00e1rios retirarem da caixa e come\u00e7arem a usar rapidamente<\/span><\/span><\/span><\/span><\/span><\/span><\/span><\/span><\/span><\/span><\/span><\/span><\/span><\/span><\/span><\/span><\/span><\/span><\/span><\/span><\/p>\n<p class=\"pBulletCMT ckeditor-css\" style=\"border: 0px; margin: 0pt 0pt 3pt 25px; padding: 0px 0px 0px 44px; text-align: left; -webkit-text-stroke-width: 0px;\"><span style=\"font-size: 14px;\"><span style=\"font-style: normal;\"><span style=\"font-variant: normal;\"><span style=\"font-weight: normal;\"><span style=\"font-stretch: inherit;\"><span style=\"line-height: 1.7;\"><span style=\"font-family: CiscoSans, Arial, sans-serif;\"><span style=\"vertical-align: baseline;\"><span style=\"color: #525252;\"><span style=\"overflow: visible;\"><span style=\"text-decoration: none;\"><span style=\"text-transform: none;\"><span style=\"letter-spacing: normal;\"><span style=\"orphans: 2;\"><span style=\"white-space: normal;\"><span style=\"widows: 2;\"><span style=\"word-spacing: 0px;\"><span style=\"background-color: #ffffff;\"><span style=\"border: 0px; font-size: 7pt; margin: 0px; padding: 0px;\"><span style=\"font-style: inherit;\"><span style=\"font-variant: inherit;\"><span style=\"font-weight: inherit;\"><span style=\"font-stretch: inherit;\"><span style=\"line-height: inherit;\"><span style=\"font-family: Arial, 'sans-serif';\"><span style=\"vertical-align: baseline;\"><span style=\"overflow: visible;\"><span style=\"position: relative;\"><span style=\"top: -0.5pt;\"><span style=\"overflow: visible; font-family: CiscoSans, Arial, sans-serif; font-size: 14px; vertical-align: inherit;\"><span style=\"overflow: visible; font-family: CiscoSans, Arial, sans-serif; font-size: 14px; vertical-align: inherit;\">\u25cf<\/span><\/span>\u00a0\u00a0\u00a0\u00a0\u00a0<\/span><\/span><\/span><\/span><\/span><\/span><\/span><\/span><\/span><\/span><\/span><span style=\"overflow: visible; font-family: CiscoSans, Arial, sans-serif; font-size: 14px; vertical-align: inherit;\"><span style=\"overflow: visible; font-family: CiscoSans, Arial, sans-serif; font-size: 14px; vertical-align: inherit;\">Chamadas f\u00e1ceis de \u201cum bot\u00e3o para apertar\u201d (OBTP) que se integram com programas de calend\u00e1rio comuns<\/span><\/span><\/span><\/span><\/span><\/span><\/span><\/span><\/span><\/span><\/span><\/span><\/span><\/span><\/span><\/span><\/span><\/span><\/span><\/span><\/p>\n<p class=\"pBulletCMT ckeditor-css\" style=\"border: 0px; margin: 0pt 0pt 3pt 25px; padding: 0px 0px 0px 44px; text-align: left; -webkit-text-stroke-width: 0px;\"><span style=\"font-size: 14px;\"><span style=\"font-style: normal;\"><span style=\"font-variant: normal;\"><span style=\"font-weight: normal;\"><span style=\"font-stretch: inherit;\"><span style=\"line-height: 1.7;\"><span style=\"font-family: CiscoSans, Arial, sans-serif;\"><span style=\"vertical-align: baseline;\"><span style=\"color: #525252;\"><span style=\"overflow: visible;\"><span style=\"text-decoration: none;\"><span style=\"text-transform: none;\"><span style=\"letter-spacing: normal;\"><span style=\"orphans: 2;\"><span style=\"white-space: normal;\"><span style=\"widows: 2;\"><span style=\"word-spacing: 0px;\"><span style=\"background-color: #ffffff;\"><span style=\"border: 0px; font-size: 7pt; margin: 0px; padding: 0px;\"><span style=\"font-style: inherit;\"><span style=\"font-variant: inherit;\"><span style=\"font-weight: inherit;\"><span style=\"font-stretch: inherit;\"><span style=\"line-height: inherit;\"><span style=\"font-family: Arial, 'sans-serif';\"><span style=\"vertical-align: baseline;\"><span style=\"overflow: visible;\"><span style=\"position: relative;\"><span style=\"top: -0.5pt;\"><span style=\"overflow: visible; font-family: CiscoSans, Arial, sans-serif; font-size: 14px; vertical-align: inherit;\"><span style=\"overflow: visible; font-family: CiscoSans, Arial, sans-serif; font-size: 14px; vertical-align: inherit;\">\u25cf<\/span><\/span>\u00a0\u00a0\u00a0\u00a0\u00a0<\/span><\/span><\/span><\/span><\/span><\/span><\/span><\/span><\/span><\/span><\/span><span style=\"overflow: visible; font-family: CiscoSans, Arial, sans-serif; font-size: 14px; vertical-align: inherit;\"><span style=\"overflow: visible; font-family: CiscoSans, Arial, sans-serif; font-size: 14px; vertical-align: inherit;\">Modelos de registro flex\u00edveis no local e na nuvem por meio do Cisco Webex<\/span><\/span><\/span><\/span><\/span><\/span><\/span><\/span><\/span><\/span><\/span><\/span><\/span><\/span><\/span><\/span><\/span><\/span><\/span><\/span><\/p>\n<p class=\"pBulletCMT ckeditor-css\" style=\"border: 0px; margin: 0pt 0pt 3pt 25px; padding: 0px 0px 0px 44px; text-align: left; -webkit-text-stroke-width: 0px;\"><span style=\"font-size: 14px;\"><span style=\"font-style: normal;\"><span style=\"font-variant: normal;\"><span style=\"font-weight: normal;\"><span style=\"font-stretch: inherit;\"><span style=\"line-height: 1.7;\"><span style=\"font-family: CiscoSans, Arial, sans-serif;\"><span style=\"vertical-align: baseline;\"><span style=\"color: #525252;\"><span style=\"overflow: visible;\"><span style=\"text-decoration: none;\"><span style=\"text-transform: none;\"><span style=\"letter-spacing: normal;\"><span style=\"orphans: 2;\"><span style=\"white-space: normal;\"><span style=\"widows: 2;\"><span style=\"word-spacing: 0px;\"><span style=\"background-color: #ffffff;\"><span style=\"border: 0px; font-size: 7pt; margin: 0px; padding: 0px;\"><span style=\"font-style: inherit;\"><span style=\"font-variant: inherit;\"><span style=\"font-weight: inherit;\"><span style=\"font-stretch: inherit;\"><span style=\"line-height: inherit;\"><span style=\"font-family: Arial, 'sans-serif';\"><span style=\"vertical-align: baseline;\"><span style=\"overflow: visible;\"><span style=\"position: relative;\"><span style=\"top: -0.5pt;\"><span style=\"overflow: visible; font-family: CiscoSans, Arial, sans-serif; font-size: 14px; vertical-align: inherit;\"><span style=\"overflow: visible; font-family: CiscoSans, Arial, sans-serif; font-size: 14px; vertical-align: inherit;\">\u25cf<\/span><\/span>\u00a0\u00a0\u00a0\u00a0\u00a0<\/span><\/span><\/span><\/span><\/span><\/span><\/span><\/span><\/span><\/span><\/span><span style=\"overflow: visible; font-family: CiscoSans, Arial, sans-serif; font-size: 14px; vertical-align: inherit;\"><span style=\"overflow: visible; font-family: CiscoSans, Arial, sans-serif; font-size: 14px; vertical-align: inherit;\">Capacidade para administradores de usar Cisco Expressway\u00a0<\/span><\/span><span style=\"overflow: visible; font-family: CiscoSans, Arial, sans-serif; font-size: 14px; vertical-align: inherit;\"><span style=\"overflow: visible; font-family: CiscoSans, Arial, sans-serif; font-size: 14px; vertical-align: inherit;\">Series para a conex\u00e3o segura de seus trabalhadores remotos<\/span><\/span><\/span><\/span><\/span><\/span><\/span><\/span><\/span><\/span><\/span><\/span><\/span><\/span><\/span><\/span><\/span><\/span><\/span><\/span><\/p>\n","protected":false},"excerpt":{"rendered":"<p>Descubra uma nova abordagem deliciosa de trabalho que \u00e9 simples de usar e oferece uma experi\u00eancia de colabora\u00e7\u00e3o sem compromissos.\u00a0Atualize seu desktop com uma experi\u00eancia de colabora\u00e7\u00e3o virtual t\u00e3o impressionante<\/p>\n","protected":false},"featured_media":25457,"comment_status":"open","ping_status":"closed","template":"","meta":[],"product_cat":[450,429],"product_tag":[],"class_list":{"0":"post-25047","1":"product","2":"type-product","3":"status-publish","4":"has-post-thumbnail","6":"product_brand-cisco","7":"product_cat-room-endpoints","8":"product_cat-webex","10":"first","11":"onbackorder","12":"shipping-taxable","13":"purchasable","14":"product-type-simple"},"acf":[],"_links":{"self":[{"href":"https:\/\/ciscostore.iprojectti.com.br\/index.php?rest_route=\/wp\/v2\/product\/25047","targetHints":{"allow":["GET"]}}],"collection":[{"href":"https:\/\/ciscostore.iprojectti.com.br\/index.php?rest_route=\/wp\/v2\/product"}],"about":[{"href":"https:\/\/ciscostore.iprojectti.com.br\/index.php?rest_route=\/wp\/v2\/types\/product"}],"replies":[{"embeddable":true,"href":"https:\/\/ciscostore.iprojectti.com.br\/index.php?rest_route=%2Fwp%2Fv2%2Fcomments&post=25047"}],"wp:featuredmedia":[{"embeddable":true,"href":"https:\/\/ciscostore.iprojectti.com.br\/index.php?rest_route=\/wp\/v2\/media\/25457"}],"wp:attachment":[{"href":"https:\/\/ciscostore.iprojectti.com.br\/index.php?rest_route=%2Fwp%2Fv2%2Fmedia&parent=25047"}],"wp:term":[{"taxonomy":"product_cat","embeddable":true,"href":"https:\/\/ciscostore.iprojectti.com.br\/index.php?rest_route=%2Fwp%2Fv2%2Fproduct_cat&post=25047"},{"taxonomy":"product_tag","embeddable":true,"href":"https:\/\/ciscostore.iprojectti.com.br\/index.php?rest_route=%2Fwp%2Fv2%2Fproduct_tag&post=25047"}],"curies":[{"name":"wp","href":"https:\/\/api.w.org\/{rel}","templated":true}]}}