{"id":24918,"date":"2022-02-02T11:10:39","date_gmt":"2022-02-02T14:10:39","guid":{"rendered":"https:\/\/loja.iprojectti.com.br\/?product=room-kit-mini-and-touch-10-no-radio"},"modified":"2022-02-04T15:06:07","modified_gmt":"2022-02-04T18:06:07","slug":"room-kit-mini-and-touch-10-no-radio","status":"publish","type":"product","link":"https:\/\/ciscostore.iprojectti.com.br\/?product=room-kit-mini-and-touch-10-no-radio","title":{"rendered":"Room Kit Mini And Touch 10 &#8211; No Radio"},"content":{"rendered":"<p class=\"pIntroCMT ckeditor-css\" style=\"border: 0px; margin: 1px 0px 30px; padding: 0px; text-align: left; -webkit-text-stroke-width: 0px;\"><span style=\"font-size: 18px;\"><span style=\"font-style: normal;\"><span style=\"font-variant: normal;\"><span style=\"font-weight: 400;\"><span style=\"font-stretch: inherit;\"><span style=\"line-height: 1.7;\"><span style=\"font-family: CiscoSans, Arial, sans-serif;\"><span style=\"vertical-align: baseline;\"><span style=\"color: #525252;\"><span style=\"text-decoration: none;\"><span style=\"text-transform: none;\"><span style=\"overflow: visible;\"><span style=\"letter-spacing: normal;\"><span style=\"orphans: 2;\"><span style=\"white-space: normal;\"><span style=\"widows: 2;\"><span style=\"word-spacing: 0px;\"><span style=\"background-color: #ffffff;\"><span style=\"overflow: visible; font-family: CiscoSans, Arial, sans-serif; font-size: 14px; vertical-align: inherit;\"><span style=\"overflow: visible; font-family: CiscoSans, Arial, sans-serif; font-size: 14px; vertical-align: inherit;\">Webex Room Kit Plus \u00e9 uma solu\u00e7\u00e3o de colabora\u00e7\u00e3o poderosa que se integra com monitores de tela plana para trazer mais intelig\u00eancia e usabilidade para suas salas de reuni\u00f5es de m\u00e9dio a grande porte &#8211; sejam registradas no local ou para Webex na nuvem.<\/span><\/span><\/span><\/span><\/span><\/span><\/span><\/span><\/span><\/span><\/span><\/span><\/span><\/span><\/span><\/span><\/span><\/span><\/span><\/span><\/p>\n<p class=\"pIntroCMT ckeditor-css\" style=\"border: 0px; margin: 1px 0px 30px; padding: 0px; text-align: left; -webkit-text-stroke-width: 0px;\"><span style=\"font-size: 14px;\"><span style=\"font-style: normal;\"><span style=\"font-variant: normal;\"><span style=\"font-weight: 400;\"><span style=\"font-stretch: inherit;\"><span style=\"line-height: 1.7;\"><span style=\"font-family: CiscoSans, Arial, sans-serif;\"><span style=\"vertical-align: baseline;\"><span style=\"color: #525252;\"><span style=\"text-decoration: none;\"><span style=\"text-transform: none;\"><span style=\"overflow: visible;\"><span style=\"letter-spacing: normal;\"><span style=\"orphans: 2;\"><span style=\"white-space: normal;\"><span style=\"widows: 2;\"><span style=\"word-spacing: 0px;\"><span style=\"background-color: #ffffff;\"><span style=\"overflow: visible; font-family: CiscoSans, Arial, sans-serif; font-size: 14px; vertical-align: inherit;\"><span style=\"overflow: visible; font-family: CiscoSans, Arial, sans-serif; font-size: 14px; vertical-align: inherit;\">O Webex\u00a0<\/span><\/span><span style=\"overflow: visible; font-family: CiscoSans, Arial, sans-serif; font-size: 14px; vertical-align: inherit;\"><span style=\"overflow: visible; font-family: CiscoSans, Arial, sans-serif; font-size: 14px; vertical-align: inherit;\">\u00a0Room Kit Plus oferece a experi\u00eancia incompar\u00e1vel de v\u00eddeo e \u00e1udio que os clientes esperam da Cisco.\u00a0<\/span><span style=\"overflow: visible; font-family: CiscoSans, Arial, sans-serif; font-size: 14px; vertical-align: inherit;\">Al\u00e9m disso, novos recursos permitem reuni\u00f5es ainda mais inteligentes, recursos de apresenta\u00e7\u00e3o mais inteligentes e integra\u00e7\u00f5es de dispositivos e salas mais inteligentes &#8211; removendo ainda mais as barreiras de uso e implanta\u00e7\u00e3o de v\u00eddeo em salas de m\u00e9dio a grande porte.<\/span><\/span><\/span><\/span><\/span><\/span><\/span><\/span><\/span><\/span><\/span><\/span><\/span><\/span><\/span><\/span><\/span><\/span><\/span><\/span><\/p>\n<p class=\"pIntroCMT ckeditor-css\" style=\"border: 0px; margin: 1px 0px 30px; padding: 0px; text-align: left; -webkit-text-stroke-width: 0px;\"><span style=\"font-size: 14px;\"><span style=\"font-style: normal;\"><span style=\"font-variant: normal;\"><span style=\"font-weight: 400;\"><span style=\"font-stretch: inherit;\"><span style=\"line-height: 1.7;\"><span style=\"font-family: CiscoSans, Arial, sans-serif;\"><span style=\"vertical-align: baseline;\"><span style=\"color: #525252;\"><span style=\"text-decoration: none;\"><span style=\"text-transform: none;\"><span style=\"overflow: visible;\"><span style=\"letter-spacing: normal;\"><span style=\"orphans: 2;\"><span style=\"white-space: normal;\"><span style=\"widows: 2;\"><span style=\"word-spacing: 0px;\"><span style=\"background-color: #ffffff;\"><span style=\"overflow: visible; font-family: CiscoSans, Arial, sans-serif; font-size: 14px; vertical-align: inherit;\"><span style=\"overflow: visible; font-family: CiscoSans, Arial, sans-serif; font-size: 14px; vertical-align: inherit;\">O Room Kit Plus &#8211; composto por um codec poderoso, uma barra de quatro c\u00e2meras com alto-falantes e microfones integrados\u00a0<\/span><\/span><span style=\"overflow: visible; font-family: CiscoSans, Arial, sans-serif; font-size: 14px; vertical-align: inherit;\"><span style=\"overflow: visible; font-family: CiscoSans, Arial, sans-serif; font-size: 14px; vertical-align: inherit;\">e o painel de controle inteligente Room Navigator &#8211; \u00e9 ideal para salas que acomodam at\u00e9 14 pessoas.\u00a0<\/span><span style=\"overflow: visible; font-family: CiscoSans, Arial, sans-serif; font-size: 14px; vertical-align: inherit;\">Ele oferece tecnologias sofisticadas de c\u00e2mera que trazem recursos de rastreamento de alto-falante e enquadramento autom\u00e1tico para salas de m\u00e9dio a grande porte.\u00a0<\/span><span style=\"overflow: visible; font-family: CiscoSans, Arial, sans-serif; font-size: 14px; vertical-align: inherit;\">O produto \u00e9 rico em funcionalidade e experi\u00eancia, mas tem um pre\u00e7o e foi projetado para ser facilmente escalon\u00e1vel para todas as suas salas e espa\u00e7os de confer\u00eancia &#8211; sejam registrados nas instala\u00e7\u00f5es ou no servi\u00e7o de nuvem Webex.<\/span><\/span><\/span><\/span><\/span><\/span><\/span><\/span><\/span><\/span><\/span><\/span><\/span><\/span><\/span><\/span><\/span><\/span><\/span><\/span><\/p>\n","protected":false},"excerpt":{"rendered":"<p>Webex Room Kit Plus \u00e9 uma solu\u00e7\u00e3o de colabora\u00e7\u00e3o poderosa que se integra com monitores de tela plana para trazer mais intelig\u00eancia e usabilidade para suas salas de reuni\u00f5es de<\/p>\n","protected":false},"featured_media":25589,"comment_status":"open","ping_status":"closed","template":"","meta":[],"product_cat":[450],"product_tag":[],"class_list":{"0":"post-24918","1":"product","2":"type-product","3":"status-publish","4":"has-post-thumbnail","6":"product_cat-room-endpoints","8":"first","9":"instock","10":"shipping-taxable","11":"purchasable","12":"product-type-simple"},"acf":[],"_links":{"self":[{"href":"https:\/\/ciscostore.iprojectti.com.br\/index.php?rest_route=\/wp\/v2\/product\/24918","targetHints":{"allow":["GET"]}}],"collection":[{"href":"https:\/\/ciscostore.iprojectti.com.br\/index.php?rest_route=\/wp\/v2\/product"}],"about":[{"href":"https:\/\/ciscostore.iprojectti.com.br\/index.php?rest_route=\/wp\/v2\/types\/product"}],"replies":[{"embeddable":true,"href":"https:\/\/ciscostore.iprojectti.com.br\/index.php?rest_route=%2Fwp%2Fv2%2Fcomments&post=24918"}],"wp:featuredmedia":[{"embeddable":true,"href":"https:\/\/ciscostore.iprojectti.com.br\/index.php?rest_route=\/wp\/v2\/media\/25589"}],"wp:attachment":[{"href":"https:\/\/ciscostore.iprojectti.com.br\/index.php?rest_route=%2Fwp%2Fv2%2Fmedia&parent=24918"}],"wp:term":[{"taxonomy":"product_cat","embeddable":true,"href":"https:\/\/ciscostore.iprojectti.com.br\/index.php?rest_route=%2Fwp%2Fv2%2Fproduct_cat&post=24918"},{"taxonomy":"product_tag","embeddable":true,"href":"https:\/\/ciscostore.iprojectti.com.br\/index.php?rest_route=%2Fwp%2Fv2%2Fproduct_tag&post=24918"}],"curies":[{"name":"wp","href":"https:\/\/api.w.org\/{rel}","templated":true}]}}