{"id":24795,"date":"2022-02-02T11:10:04","date_gmt":"2022-02-02T14:10:04","guid":{"rendered":"https:\/\/loja.iprojectti.com.br\/?product=meraki-ms120-8-1g-l2-cloud-managed-8x-gige-switch"},"modified":"2022-03-03T16:15:18","modified_gmt":"2022-03-03T19:15:18","slug":"meraki-ms120-8-1g-l2-cloud-managed-8x-gige-switch","status":"publish","type":"product","link":"https:\/\/ciscostore.iprojectti.com.br\/?product=meraki-ms120-8-1g-l2-cloud-managed-8x-gige-switch","title":{"rendered":"Meraki MS120-8 1G L2 Cloud Managed 8x GigE Switch"},"content":{"rendered":"<ul class=\"ckeditor-css\">\n<li><strong>Interfaces<\/strong>\n<ul class=\"ckeditor-css\">\n<li>8 \u00d7 10\/100\/1000BASE-T Ethernet RJ45<\/li>\n<li>2 \u00d7 1G portas SFP para uplinks<\/li>\n<li>Negocia\u00e7\u00e3o autom\u00e1tica de detec\u00e7\u00e3o de cruzamento<\/li>\n<\/ul>\n<\/li>\n<li><strong>Gerenciamento<\/strong>\n<ul class=\"ckeditor-css\">\n<li>Gerenciado pela Web com a plataforma de gerenciamento em nuvem da Meraki<\/li>\n<li>Integra\u00e7\u00e3o com Meraki sem fio e o portf\u00f3lio completo de produtos e solu\u00e7\u00f5es de TI<\/li>\n<li>Provisionamento remoto autom\u00e1tico (sem preparo)<\/li>\n<li>Estat\u00edsticas de utiliza\u00e7\u00e3o hist\u00f3ricas detalhadas por porta e cliente<\/li>\n<li>Identifica\u00e7\u00e3o de sistema operacional, dispositivo e nome de host<\/li>\n<li>Compatibilidade com SNMP e Syslog para integra\u00e7\u00e3o com outras solu\u00e7\u00f5es de gerenciamento de rede<\/li>\n<li>Upgrades de firmware autom\u00e1ticos com controle de agendamento<\/li>\n<\/ul>\n<\/li>\n<li><strong>Diagn\u00f3stico remoto<\/strong>\n<ul class=\"ckeditor-css\">\n<li>Alertas de notifica\u00e7\u00e3o de push de e-mail, SMS e celular<\/li>\n<li>Testes de ping, rastreamento de rotas e cabo e detec\u00e7\u00e3o de falhas de link com alertas<\/li>\n<li>Captura de pacote remoto<\/li>\n<li>Topologia e descoberta de rede din\u00e2mica e interativa<\/li>\n<li>Logs de altera\u00e7\u00e3o de evento e configura\u00e7\u00e3o combinados com pesquisa instant\u00e2nea<\/li>\n<\/ul>\n<\/li>\n<li><strong>Empilhamento<\/strong>\n<ul class=\"ckeditor-css\">\n<li>O Virtual Stacking comporta milhares de portas de switch em uma \u00fanica pilha l\u00f3gica para configura\u00e7\u00e3o, monitoramento e gerenciamento unificado<\/li>\n<\/ul>\n<\/li>\n<li><strong>Seguran\u00e7a<\/strong>\n<ul class=\"ckeditor-css\">\n<li>Autentica\u00e7\u00e3o multifator integrada para a plataforma de gerenciamento em nuvem<\/li>\n<li>Controle de acesso por fun\u00e7\u00e3o (RBAC) com dispositivo granular e controle de configura\u00e7\u00e3o<\/li>\n<li>Aplica\u00e7\u00e3o de pol\u00edtica de senha em toda a empresa<\/li>\n<li>IEEE 802.1X RADIUS e MAB, autentica\u00e7\u00e3o h\u00edbrida e testes de servidor RADIUS<\/li>\n<li>Host \u00fanico\/v\u00e1rios dom\u00ednios\/v\u00e1rios hosts\/multiautentica\u00e7\u00e3o<\/li>\n<li>Seguran\u00e7a de porta: Sticky MAC, whitelist MAC<\/li>\n<li>Rastreamento de DHCP, detec\u00e7\u00e3o e bloqueio<\/li>\n<li>IPv4 and IPv6 ACLs<\/li>\n<\/ul>\n<\/li>\n<li><strong>Desempenho<\/strong>\n<ul class=\"ckeditor-css\">\n<li>Capacidade de switching: 20 Gbps<\/li>\n<li>Taxa de encaminhamento: 14,88 mpps<\/li>\n<li>Suporte tipo jumbo (estrutura Ethernet de 9600 byte)<\/li>\n<li>Suporte de controle de fluxo<\/li>\n<\/ul>\n<\/li>\n<\/ul>\n<ul class=\"ckeditor-css\">\n<li><strong>Camada 3<\/strong>\n<ul class=\"ckeditor-css\">\n<li>Rel\u00e9 DHCP<\/li>\n<\/ul>\n<\/li>\n<li><strong>Alimenta\u00e7\u00e3o<\/strong>\n<ul class=\"ckeditor-css\">\n<li>Entrada de energia: de 100 a 240 VCA, de 47 a 63 Hz<\/li>\n<li>MS120-8: 6-9 W m\u00e1x, sem ventoinha<\/li>\n<li>MS120-8LP: 7-88 W m\u00e1x, sem ventoinha<\/li>\n<li>MS120-8FP: 9-162 W m\u00e1x, sem ventoinha<\/li>\n<li>Power-over-Ethernet (PoE\/PoE+) 802.3af\/802.3at de 48 VCC dispon\u00edvel em todas as portas (m\u00e1ximo de 30 W por porta para PoE+) para switches energizados<\/li>\n<\/ul>\n<\/li>\n<li><strong>Ambiente<\/strong>\n<ul class=\"ckeditor-css\">\n<li>Temperatura operacional: 0\u00b0C a 45\u00b0C<\/li>\n<li>Umidade: 5% a 95% sem condensa\u00e7\u00e3o<\/li>\n<li>Ventoinhas de velocidade vari\u00e1vel<\/li>\n<\/ul>\n<\/li>\n<li><strong>Regulat\u00f3rio<\/strong>\n<ul class=\"ckeditor-css\">\n<li>CSA-US (EUA, Canad\u00e1)<\/li>\n<li>FCC (EUA)<\/li>\n<li>IC (Canad\u00e1)<\/li>\n<li>CE (Europa)<\/li>\n<li>RCM (Austr\u00e1lia\/Nova Zel\u00e2ndia)<\/li>\n<li>RoHS<\/li>\n<\/ul>\n<\/li>\n<li><strong>Garantia<\/strong>\n<ul class=\"ckeditor-css\">\n<li>Garantia vital\u00edcia completa de hardware com substitui\u00e7\u00e3o avan\u00e7ada no dia seguinte inclu\u00edda.<\/li>\n<\/ul>\n<\/li>\n<li><strong>Classifica\u00e7\u00e3o MTBF (a 25\u00b0C)<\/strong>\n<ul class=\"ckeditor-css\">\n<li>MS120-8-HW: 784.221<\/li>\n<li>MS120-8-LP-HW: 502.221<\/li>\n<li>MS120-8-FP-HW: 347.479<\/li>\n<\/ul>\n<\/li>\n<li><strong>Especifica\u00e7\u00f5es f\u00edsicas (A \u00d7 L \u00d7 P)<\/strong>\n<ul class=\"ckeditor-css\">\n<li>MS120-8-HW\n<ul class=\"ckeditor-css\">\n<li>2,8 x 22,2 x 15 cm (1,1&#8243; x 8,74&#8243; x 5,91&#8243;)<\/li>\n<li>1,07 kg (2,36 lb)<\/li>\n<\/ul>\n<\/li>\n<li>MS120-8LP-HW\n<ul class=\"ckeditor-css\">\n<li>2,8 x 22,2 x 15 cm (1,1&#8243; x 8,74&#8243; x 5,91&#8243;)<\/li>\n<li>1,07 kg (2,36 lb)<\/li>\n<\/ul>\n<\/li>\n<li>MS120-8FP-HW\n<ul class=\"ckeditor-css\">\n<li>4,4 x 22,7 x 23 cm (1,75&#8243; x 8,97&#8243; x 8,58&#8243;)<\/li>\n<li>1,07 kg (2,36 lb)<\/li>\n<\/ul>\n<\/li>\n<\/ul>\n<\/li>\n<\/ul>\n<style type=\"text\/css\"><!--td {border: 1px solid #ccc;}br {mso-data-placement:same-cell;}--><br \/><\/style>\n","protected":false},"excerpt":{"rendered":"<p>Interfaces 8 \u00d7 10\/100\/1000BASE-T Ethernet RJ45 2 \u00d7 1G portas SFP para uplinks Negocia\u00e7\u00e3o autom\u00e1tica de detec\u00e7\u00e3o de cruzamento Gerenciamento Gerenciado pela Web com a plataforma de gerenciamento em nuvem<\/p>\n","protected":false},"featured_media":26380,"comment_status":"open","ping_status":"closed","template":"","meta":[],"product_cat":[470],"product_tag":[],"class_list":{"0":"post-24795","1":"product","2":"type-product","3":"status-publish","4":"has-post-thumbnail","6":"product_cat-ms-switches","8":"first","9":"instock","10":"shipping-taxable","11":"purchasable","12":"product-type-simple"},"acf":[],"_links":{"self":[{"href":"https:\/\/ciscostore.iprojectti.com.br\/index.php?rest_route=\/wp\/v2\/product\/24795","targetHints":{"allow":["GET"]}}],"collection":[{"href":"https:\/\/ciscostore.iprojectti.com.br\/index.php?rest_route=\/wp\/v2\/product"}],"about":[{"href":"https:\/\/ciscostore.iprojectti.com.br\/index.php?rest_route=\/wp\/v2\/types\/product"}],"replies":[{"embeddable":true,"href":"https:\/\/ciscostore.iprojectti.com.br\/index.php?rest_route=%2Fwp%2Fv2%2Fcomments&post=24795"}],"wp:featuredmedia":[{"embeddable":true,"href":"https:\/\/ciscostore.iprojectti.com.br\/index.php?rest_route=\/wp\/v2\/media\/26380"}],"wp:attachment":[{"href":"https:\/\/ciscostore.iprojectti.com.br\/index.php?rest_route=%2Fwp%2Fv2%2Fmedia&parent=24795"}],"wp:term":[{"taxonomy":"product_cat","embeddable":true,"href":"https:\/\/ciscostore.iprojectti.com.br\/index.php?rest_route=%2Fwp%2Fv2%2Fproduct_cat&post=24795"},{"taxonomy":"product_tag","embeddable":true,"href":"https:\/\/ciscostore.iprojectti.com.br\/index.php?rest_route=%2Fwp%2Fv2%2Fproduct_tag&post=24795"}],"curies":[{"name":"wp","href":"https:\/\/api.w.org\/{rel}","templated":true}]}}