{"id":24784,"date":"2022-02-02T11:10:01","date_gmt":"2022-02-02T14:10:01","guid":{"rendered":"https:\/\/loja.iprojectti.com.br\/?product=meraki-insight-license-for-3-years-large-up-to-5gbps"},"modified":"2022-03-03T15:45:43","modified_gmt":"2022-03-03T18:45:43","slug":"meraki-insight-license-for-3-years-large-up-to-5gbps","status":"publish","type":"product","link":"https:\/\/ciscostore.iprojectti.com.br\/?product=meraki-insight-license-for-3-years-large-up-to-5gbps","title":{"rendered":"Meraki Insight License for 3 Years (Large, Up to 5Gbps)"},"content":{"rendered":"<p class=\"ckeditor-css\">\n<style type=\"text\/css\"><!--td {border: 1px solid #ccc;}br {mso-data-placement:same-cell;}--><br \/>\n<\/style>\n<\/p>\n<p class=\"ckeditor-css\"><strong>Acelerando a ti\u00a0 \u00a0 \u00a0 \u00a0 \u00a0 \u00a0 \u00a0 \u00a0 \u00a0 \u00a0 \u00a0 \u00a0 \u00a0 \u00a0 \u00a0 \u00a0 \u00a0 \u00a0 \u00a0 \u00a0 \u00a0 \u00a0 \u00a0 \u00a0 \u00a0 \u00a0 \u00a0 \u00a0 \u00a0 \u00a0 \u00a0 \u00a0 \u00a0 \u00a0 \u00a0 \u00a0 \u00a0 \u00a0 \u00a0 \u00a0 \u00a0 \u00a0 \u00a0 \u00a0 \u00a0 \u00a0 \u00a0 \u00a0 \u00a0 \u00a0 \u00a0 \u00a0 \u00a0 \u00a0 \u00a0 \u00a0 \u00a0 \u00a0 \u00a0 \u00a0 \u00a0 \u00a0 \u00a0 \u00a0 \u00a0 \u00a0 \u00a0 \u00a0 \u00a0 \u00a0 \u00a0 \u00a0 \u00a0 \u00a0 \u00a0 \u00a0\u00a0<\/strong><\/p>\n<p class=\"ckeditor-css\">\u2022 Detec\u00e7\u00e3o inteligente de anomalias e falta de energia<\/p>\n<p class=\"ckeditor-css\">\u2022 Sem necessidade de instala\u00e7\u00e3o ou configura\u00e7\u00e3o<\/p>\n<p class=\"ckeditor-css\">\u2022 Tempo de resolu\u00e7\u00e3o mais r\u00e1pido com a identifica\u00e7\u00e3o da verdadeira origem do problema<\/p>\n<p class=\"ckeditor-css\">\n<p class=\"ckeditor-css\"><strong>Equipado com a tecnologia de pilha completa da Meraki<\/strong><\/p>\n<p class=\"ckeditor-css\">\u2022 Gerenciamento simples e abrangente de pol\u00edticas<\/p>\n<p class=\"ckeditor-css\">\u2022 Perfeita integra\u00e7\u00e3o ao painel Meraki para administra\u00e7\u00e3o de rede em um \u201cpainel unificado\u201d<\/p>\n<p class=\"ckeditor-css\">\u2022 Coletor de tr\u00e1fego interno (sem intera\u00e7\u00e3o) em dispositivos de seguran\u00e7a MX<\/p>\n<p class=\"ckeditor-css\">\u2022 Escala, seguran\u00e7a e confiabilidade comprovadas pela Cisco Meraki.<\/p>\n<p class=\"ckeditor-css\">\n<p class=\"ckeditor-css\"><strong>O desempenho de aplicativos desmistificado<\/strong><\/p>\n<p class=\"ckeditor-css\">\u2022 Monitore aplicativos de SaaS (software como servi\u00e7o)<\/p>\n<p class=\"ckeditor-css\">\u2022 Compreenda a experi\u00eancia do usu\u00e1rio final e as tend\u00eancias ao longo do tempo<\/p>\n<p class=\"ckeditor-css\">\u2022 Taxa de transfer\u00eancia real dos aplicativos com tr\u00e1fego ao vivo\/real<\/p>\n<p class=\"ckeditor-css\">\u2022 De cada usu\u00e1rio, em cada rede e de cada aplicativo<\/p>\n<p class=\"ckeditor-css\">\n<p class=\"ckeditor-css\"><strong>Intelig\u00eancia para a WAN<\/strong><\/p>\n<p class=\"ckeditor-css\">\u2022 Gerenciamento de desempenho e solu\u00e7\u00e3o de problemas, incluindo LAN, WAN ou redes de ISPs<\/p>\n<p class=\"ckeditor-css\">\u2022 Indicadores-chave de desempenho, incluindo largura de banda, perda e lat\u00eancia<\/p>\n<p class=\"ckeditor-css\">\u2022 Ideal para implanta\u00e7\u00f5es de SD-WAN e em v\u00e1rios sites<\/p>\n","protected":false},"excerpt":{"rendered":"<p>Acelerando a ti\u00a0 \u00a0 \u00a0 \u00a0 \u00a0 \u00a0 \u00a0 \u00a0 \u00a0 \u00a0 \u00a0 \u00a0 \u00a0 \u00a0 \u00a0 \u00a0 \u00a0 \u00a0 \u00a0 \u00a0 \u00a0 \u00a0 \u00a0 \u00a0 \u00a0 \u00a0 \u00a0 \u00a0<\/p>\n","protected":false},"featured_media":25276,"comment_status":"open","ping_status":"closed","template":"","meta":[],"product_cat":[469],"product_tag":[],"class_list":{"0":"post-24784","1":"product","2":"type-product","3":"status-publish","4":"has-post-thumbnail","6":"product_cat-mi-meraki-insight","8":"first","9":"instock","10":"shipping-taxable","11":"purchasable","12":"product-type-simple"},"acf":[],"_links":{"self":[{"href":"https:\/\/ciscostore.iprojectti.com.br\/index.php?rest_route=\/wp\/v2\/product\/24784","targetHints":{"allow":["GET"]}}],"collection":[{"href":"https:\/\/ciscostore.iprojectti.com.br\/index.php?rest_route=\/wp\/v2\/product"}],"about":[{"href":"https:\/\/ciscostore.iprojectti.com.br\/index.php?rest_route=\/wp\/v2\/types\/product"}],"replies":[{"embeddable":true,"href":"https:\/\/ciscostore.iprojectti.com.br\/index.php?rest_route=%2Fwp%2Fv2%2Fcomments&post=24784"}],"wp:featuredmedia":[{"embeddable":true,"href":"https:\/\/ciscostore.iprojectti.com.br\/index.php?rest_route=\/wp\/v2\/media\/25276"}],"wp:attachment":[{"href":"https:\/\/ciscostore.iprojectti.com.br\/index.php?rest_route=%2Fwp%2Fv2%2Fmedia&parent=24784"}],"wp:term":[{"taxonomy":"product_cat","embeddable":true,"href":"https:\/\/ciscostore.iprojectti.com.br\/index.php?rest_route=%2Fwp%2Fv2%2Fproduct_cat&post=24784"},{"taxonomy":"product_tag","embeddable":true,"href":"https:\/\/ciscostore.iprojectti.com.br\/index.php?rest_route=%2Fwp%2Fv2%2Fproduct_tag&post=24784"}],"curies":[{"name":"wp","href":"https:\/\/api.w.org\/{rel}","templated":true}]}}