{"id":26494,"date":"2022-02-16T18:28:18","date_gmt":"2022-02-16T21:28:18","guid":{"rendered":"https:\/\/loja.iprojectti.com.br\/?page_id=26494"},"modified":"2022-02-16T18:28:19","modified_gmt":"2022-02-16T21:28:19","slug":"politica-de-entrega","status":"publish","type":"page","link":"https:\/\/ciscostore.iprojectti.com.br\/?page_id=26494","title":{"rendered":"Pol\u00edtica de Entrega"},"content":{"rendered":"\n<p>A entrega dos produtos comprados na \u201c<strong>iProject TI Cisco Store<\/strong>\u201d ser\u00e3o realizados por transportadoras ou Correios, dependendo do tipo de produto ou localidade da entrega.<\/p>\n\n\n\n<p>No caso de uso de transportadora, n\u00e3o \u00e9 poss\u00edvel agendar data e hor\u00e1rio para entregas, uma vez que n\u00e3o podemos antecipar o roteiro escolhido para cada regi\u00e3o.<\/p>\n\n\n\n<p>Quando a entrega \u00e9 efetuada pelos Correios, no caso de n\u00e3o haver ningu\u00e9m para receber o produto, o carteiro deixa um protocolo no endere\u00e7o indicado, informando que o produto est\u00e1 \u00e0 disposi\u00e7\u00e3o do cliente na ag\u00eancia de origem.<\/p>\n\n\n\n<p>Os correios realizam 3 tentativas de entrega e caso n\u00e3o tenha sucesso, ap\u00f3s a terceira tentativa o produto retorna para a \u201ciProject TI Cisco Store\u201d, caso isto ocorra a \u201ciProject TI Cisco Store\u201d entrar\u00e1 em contato com o cliente para agendar uma nova entrega. Os hor\u00e1rios de entrega s\u00e3o de segunda a sexta, das 8h \u00e0s 17h, n\u00e3o sendo efetuadas aos domingos e feriados.<\/p>\n\n\n\n<p>Valor do frete: A tarifa de frete ser\u00e1 cobrada de acordo com uma tabela definida em fun\u00e7\u00e3o do local de entrega dos produtos adquiridos no site. Caso voc\u00ea compre produtos de uma promo\u00e7\u00e3o com frete gr\u00e1tis, juntamente com um outro fora da promo\u00e7\u00e3o, o frete ser\u00e1 cobrado apenas para este \u00faltimo.<\/p>\n","protected":false},"excerpt":{"rendered":"<p>A entrega dos produtos comprados na \u201ciProject TI Cisco Store\u201d ser\u00e3o realizados por transportadoras ou Correios, dependendo do tipo de produto ou localidade da entrega. No caso de uso de<\/p>\n","protected":false},"author":1,"featured_media":0,"parent":0,"menu_order":0,"comment_status":"closed","ping_status":"closed","template":"","meta":{"footnotes":""},"class_list":["post-26494","page","type-page","status-publish","hentry"],"acf":[],"_links":{"self":[{"href":"https:\/\/ciscostore.iprojectti.com.br\/index.php?rest_route=\/wp\/v2\/pages\/26494","targetHints":{"allow":["GET"]}}],"collection":[{"href":"https:\/\/ciscostore.iprojectti.com.br\/index.php?rest_route=\/wp\/v2\/pages"}],"about":[{"href":"https:\/\/ciscostore.iprojectti.com.br\/index.php?rest_route=\/wp\/v2\/types\/page"}],"author":[{"embeddable":true,"href":"https:\/\/ciscostore.iprojectti.com.br\/index.php?rest_route=\/wp\/v2\/users\/1"}],"replies":[{"embeddable":true,"href":"https:\/\/ciscostore.iprojectti.com.br\/index.php?rest_route=%2Fwp%2Fv2%2Fcomments&post=26494"}],"version-history":[{"count":1,"href":"https:\/\/ciscostore.iprojectti.com.br\/index.php?rest_route=\/wp\/v2\/pages\/26494\/revisions"}],"predecessor-version":[{"id":26495,"href":"https:\/\/ciscostore.iprojectti.com.br\/index.php?rest_route=\/wp\/v2\/pages\/26494\/revisions\/26495"}],"wp:attachment":[{"href":"https:\/\/ciscostore.iprojectti.com.br\/index.php?rest_route=%2Fwp%2Fv2%2Fmedia&parent=26494"}],"curies":[{"name":"wp","href":"https:\/\/api.w.org\/{rel}","templated":true}]}}