{"id":26246,"date":"2022-02-11T16:29:05","date_gmt":"2022-02-11T19:29:05","guid":{"rendered":"https:\/\/loja.iprojectti.com.br\/?page_id=26246"},"modified":"2022-02-11T16:29:05","modified_gmt":"2022-02-11T19:29:05","slug":"politica-de-privacidade-de-dados-pessoais-iproject-ti-lgpd","status":"publish","type":"page","link":"https:\/\/ciscostore.iprojectti.com.br\/?page_id=26246","title":{"rendered":"POL\u00cdTICA DE PRIVACIDADE DE DADOS PESSOAIS IPROJECT TI &#8211; LGPD"},"content":{"rendered":"\n<p>A IPROJECT TI est\u00e1 comprometida em proteger as informa\u00e7\u00f5es dos seus clientes,\n    respeitando seus direitos e a liberdade de escolha. Trabalhamos para garantir este direito\n    fundamental estabelecendo processos e utilizando as melhores tecnologias dispon\u00edveis\n    com o objetivo de:<\/p>\n    <p>\u00b7 Proteger a confidencialidade das informa\u00e7\u00f5es dos clientes que nos foi confiada,\n    atrav\u00e9s de nossos sites, para a presta\u00e7\u00e3o dos servi\u00e7os.<\/p>\n    <p>\u00b7 Aplicar controles de seguran\u00e7a para mitigar o risco de vazamento de informa\u00e7\u00f5es e\n    demais amea\u00e7as \u00e0 seguran\u00e7a das informa\u00e7\u00f5es.<\/p>\n    <p><b>Com o advento da LEI 13.709 de 2018 \u2013 Lei geral de prote\u00e7\u00e3o de dados, a\n    IPROJECT TI mantem a sempre existente prioridade em zelar pela seguran\u00e7a e\n    integridade de todos os dados pessoais fornecidos por meio de nossa plataforma\n    online, nos moldes que seguem <\/b><\/p>\n    \n    <h3>DAS INFORMA\u00c7\u00d5ES PROCESSADAS PELA IPROHECT TI<\/h3>\n    <p><b>Objetivo da coleta de informa\u00e7\u00e3o:<\/b><\/p>\n    <p>&#8211; Apenas para presta\u00e7\u00e3o dos servi\u00e7os contratados.<\/p>\n    <p>DAODS: nome, e-mail, endere\u00e7o, telefone, CPF, RG, dados banc\u00e1rios, dados de faturamento,\n    data de nascimento e g\u00eanero<\/br>\n    FINALIDADE: s\u00e3o importantes para algumas a\u00e7\u00f5es, como preenchimento do seu contrato de\n    servi\u00e7o, emiss\u00e3o de nota fiscal e, tamb\u00e9m para nos comunicarmos com voc\u00ea<\/p>\n    <p>&#8211; Salvo com autoriza\u00e7\u00e3o do cliente, utilizamos suas informa\u00e7\u00f5es para enviar nossas\n    ofertas de servi\u00e7os a fim de oferecer uma melhor experi\u00eancia e atender a necessidade\n    dos nossos clientes<\/p>\n    \n    \n    <p><b>Como \u00e9 coletada a informa\u00e7\u00e3o:<\/b><\/p>\n    <p>&#8211; No momento de seu cadastro ou ao acessar nossos websites, bem como em fontes de\n    acesso p\u00fablico.<\/p>\n    <p>&#8211; Poderemos utilizar cookies (*) para confirmar sua identidade, personalizar seu acesso\n    e acompanhar a utiliza\u00e7\u00e3o de nossos websites visando o aprimoramento de sua\n    navega\u00e7\u00e3o e funcionalidade. <\/p>\n    <p>* Os cookies s\u00e3o arquivos que guardam algumas informa\u00e7\u00f5es tempor\u00e1rias a respeito dos locais\n    que voc\u00ea visita na internet. A IPROJECT TI usa alguns tipos de cookies para melhorar a\n    experi\u00eancia da sua navega\u00e7\u00e3o em nossos sites e tamb\u00e9m para publicidade.<\/p>\n    <p><b>Tipos de informa\u00e7\u00e3o processada:<\/b><\/p>\n    <p>&#8211; Utilizamos apenas as informa\u00e7\u00f5es necess\u00e1rias para a presta\u00e7\u00e3o de servi\u00e7os e melhoria\n    no acesso aos nossos websites<\/p>\n    \n    <p><b>Onde \u00e9 tratada a informa\u00e7\u00e3o?<\/b><\/p>\n    <p>&#8211; A IPROJECT TI armazena os dados de forma segura e com r\u00edgido controle de acesso. Esses\n    dados encontram-se armazenados em seus servidores nos data centers situados na cidade de\n    Fortaleza\/CE.<\/p>\n    <p>A IPROJECT TI tamb\u00e9m contrata armazenamento em nuvem, o que \u00e9 uma pr\u00e1tica comum e\n    segura de mercado. Esse tipo de armazenamento, por defini\u00e7\u00e3o, poder\u00e1 ser realizado fora do\n    territ\u00f3rio nacional. A IPROJECT TI segue atenta \u00e0s orienta\u00e7\u00f5es da ANPD, que regulamenta esse\n    tipo de tratamento.<\/p>\n    <p>&#8211; Em alguns casos a informa\u00e7\u00e3o pode ser compartilhada com empresas parceiras, das\n    quais s\u00e3o exigidos controles de seguran\u00e7a para prote\u00e7\u00e3o das informa\u00e7\u00f5es.<\/p>\n    \n    <p><b>Qual o prazo do tratamento de dados?<\/b><\/p>\n    <p>Dados Cadastrais e de Faturamento &#8211; <b>Armazenamento por 10 (dez) anos.<\/b><\/p>\n    <p>Quem tem acesso ao banco de dados da IPROJECT TI?<\/p>\n    <p> pessoal autorizado e treinado em conformidade com a pol\u00edtica de acesso\n    IPROJECT TI ter\u00e3o acesso ao banco de dados pessoais IPROJECT TI <\/p>\n    \n    <h3>DO ACESSO \u00c0S INFORMA\u00c7\u00d5ES E DA TRANSPAR\u00caNCIA COM O\n    CLIENTE<\/h3>\n    <p>&#8211; A IPROJECT TI tem como compromisso informar e solicitar autoriza\u00e7\u00e3o pr\u00e9via aos\n    usu\u00e1rios de nossos sites, de forma clara e simples, sobre coleta das informa\u00e7\u00f5es.<\/p>\n    <p>&#8211; Respeitamos a legisla\u00e7\u00e3o vigente e aplicamos as medidas necess\u00e1rias para obter a\n    autoriza\u00e7\u00e3o da utiliza\u00e7\u00e3o dos seus dados, que estar\u00e1 sempre relacionado com os servi\u00e7os\n    que foram contratados.<\/p>\n    <p>&#8211; Exce\u00e7\u00f5es de compartilhamento das suas informa\u00e7\u00f5es s\u00e3o aplic\u00e1veis em casos de\n    solicita\u00e7\u00f5es judiciais feita pelos \u00f3rg\u00e3os competentes, onde ser\u00e3o disponibilizadas sem\n    conhecimento do cliente. <\/p>\n    \n    <h3>DO DIREITO DO TITULAR DE DADOS<\/h3>\n    \n    <p><b>1. Confirma\u00e7\u00e3o da exist\u00eancia de tratamento:<\/b> voc\u00ea pode querer saber se a Iproject TI\n    trata seus dados. Se voc\u00ea for cliente, tiver sido cliente recentemente ou estiver no\n    processo de contrata\u00e7\u00e3o da IPROJECT TI, essa resposta ser\u00e1 sempre sim.<\/p>\n    <p><b>2. Direito de acesso:<\/b> voc\u00ea pode querer saber quais informa\u00e7\u00f5es a IPROJECT TI tem a\n    seu respeito e obter informa\u00e7\u00f5es sobre o tratamento.<\/p>\n    <p><b>3. Corre\u00e7\u00e3o de dados incompletos, inexatos ou desatualizados:<\/b> voc\u00ea poder\u00e1 entrar\n    nos canais de atendimento da IPROJECT TI e solicitar a corre\u00e7\u00e3o dos seus dados que\n    estiverem incompletos, inexatos ou desatualizados.<\/p>\n    <p><b>4. Portabilidade:<\/b> O titular dos dados poder\u00e1 receber uma c\u00f3pia dos dados pessoais que\n    a IPROJECT TI armazena a seu respeito <\/p>\n    <p><b>5. Elimina\u00e7\u00e3o dos dados tratados com consentimento:<\/b> exclusivamente em dados\n    tratados com base no consentimento, voc\u00ea poder\u00e1 solicitar que a IPROJECT TI elimine\n    esses dados, respeitando os prazos legais para o armazenamento destes dados. Al\u00e9m\n    disso, poder\u00e3o ser mantidos os dados para transfer\u00eancia a terceiro com base na lei.<\/p>\n    <p><b>6. Informa\u00e7\u00e3o sobre a possibilidade de n\u00e3o fornecer consentimento e as\n    consequ\u00eancias da negativa:<\/b> caso voc\u00ea n\u00e3o d\u00ea seu consentimento \u00e0 IPROJECT TI, n\u00e3o\n    vai ser poss\u00edvel a manuten\u00e7\u00e3o e execu\u00e7\u00e3o de determinados servi\u00e7os fornecidos pela\n    IPROJECT TI.<\/p>\n    <p><b>7. Revoga\u00e7\u00e3o do consentimento:<\/b> voc\u00ea pode revogar, ou seja, voltar atr\u00e1s em algum\n    consentimento que tenha dado antes, devendo, para isso, se manifestar por meio dos\n    canais disponibilizados<\/p>\n    <p><b>8. Oposi\u00e7\u00e3o:<\/b> se voc\u00ea entender que a IPROJECT TI est\u00e1 realizando algum tratamento de\n    dados contr\u00e1rio \u00e0 lei, voc\u00ea pode fazer seu pedido de an\u00e1lise no Portal de Privacidade.<\/p>\n    \n    <p><b>&#8211; S\u00f3 mantemos a informa\u00e7\u00e3o dos usu\u00e1rios de nossos sites armazenada pelo tempo\n    requerido pela lei e quando for necess\u00e1rio para a presta\u00e7\u00e3o correta do servi\u00e7o\n    contratado. <\/b><\/p>\n    \n    \n    \n    <h3>SEGURAN\u00c7A DOS DADOS PESSOAIS<\/h3>\n    <p>&#8211; Gerenciamos e armazenamos de forma respons\u00e1vel a informa\u00e7\u00e3o dos usu\u00e1rios dos\n    nossos sites, mantendo-a protegida.<\/p>\n    <p>&#8211; Executamos pr\u00e1ticas devidas de seguran\u00e7a, protegendo assim seus dados contra acesso\n    e modifica\u00e7\u00f5es n\u00e3o autorizadas. Manteremos a integridade das informa\u00e7\u00f5es que nos\n    forem fornecidas.<\/p>\n    <p><b>Orienta\u00e7\u00f5es de Seguran\u00e7a para o Cliente.<\/b><\/p>\n    \n    <p>&#8211; A IPROJECT TI nunca entra em contato solicitando senhas.<\/p>\n    <p>&#8211; Mantenha sempre ativo e atualizado um antiv\u00edrus de sua confian\u00e7a, seja em\n    equipamentos como desktop, notebook, tablet ou smartphone. <\/p>\n    \n    <h3>ALTERA\u00c7\u00d5ES NA POL\u00cdTICA DE PRIVACIDADE IPROJECT<\/h3>\n    <p>A IPROJECT TI se reserva o direito de alterar, a qualquer momento, o conte\u00fado desta\n    pol\u00edtica<\/p>\n","protected":false},"excerpt":{"rendered":"<p>A IPROJECT TI est\u00e1 comprometida em proteger as informa\u00e7\u00f5es dos seus clientes, respeitando seus direitos e a liberdade de escolha. Trabalhamos para garantir este direito fundamental estabelecendo processos e utilizando<\/p>\n","protected":false},"author":1,"featured_media":0,"parent":0,"menu_order":0,"comment_status":"closed","ping_status":"closed","template":"","meta":{"footnotes":""},"class_list":["post-26246","page","type-page","status-publish","hentry"],"acf":[],"_links":{"self":[{"href":"https:\/\/ciscostore.iprojectti.com.br\/index.php?rest_route=\/wp\/v2\/pages\/26246","targetHints":{"allow":["GET"]}}],"collection":[{"href":"https:\/\/ciscostore.iprojectti.com.br\/index.php?rest_route=\/wp\/v2\/pages"}],"about":[{"href":"https:\/\/ciscostore.iprojectti.com.br\/index.php?rest_route=\/wp\/v2\/types\/page"}],"author":[{"embeddable":true,"href":"https:\/\/ciscostore.iprojectti.com.br\/index.php?rest_route=\/wp\/v2\/users\/1"}],"replies":[{"embeddable":true,"href":"https:\/\/ciscostore.iprojectti.com.br\/index.php?rest_route=%2Fwp%2Fv2%2Fcomments&post=26246"}],"version-history":[{"count":1,"href":"https:\/\/ciscostore.iprojectti.com.br\/index.php?rest_route=\/wp\/v2\/pages\/26246\/revisions"}],"predecessor-version":[{"id":26247,"href":"https:\/\/ciscostore.iprojectti.com.br\/index.php?rest_route=\/wp\/v2\/pages\/26246\/revisions\/26247"}],"wp:attachment":[{"href":"https:\/\/ciscostore.iprojectti.com.br\/index.php?rest_route=%2Fwp%2Fv2%2Fmedia&parent=26246"}],"curies":[{"name":"wp","href":"https:\/\/api.w.org\/{rel}","templated":true}]}}